{"id":20,"date":"2024-10-30T00:11:51","date_gmt":"2024-10-30T00:11:51","guid":{"rendered":"https:\/\/81pass.co\/politica-de-privacidad\/"},"modified":"2024-10-30T17:42:14","modified_gmt":"2024-10-30T17:42:14","slug":"politica-de-privacidad","status":"publish","type":"page","link":"https:\/\/81pass.co\/es\/politica-de-privacidad\/","title":{"rendered":"Pol\u00edtica de privacidad"},"content":{"rendered":"<div class=\"wpb-content-wrapper\">[vc_row][vc_column][vc_column_text css=\u00bb\u00bb]\n<h1><strong>Pol\u00edtica de Privacidad<\/strong><\/h1>\n<p>\u00daltima actualizaci\u00f3n: 30 de octubre de 2024<\/p>\n<p>Esta Pol\u00edtica de Privacidad describe nuestras pol\u00edticas y procedimientos sobre la recopilaci\u00f3n, uso y divulgaci\u00f3n de su informaci\u00f3n cuando utiliza el servicio y le informa sobre sus derechos de privacidad y c\u00f3mo la ley lo protege.<\/p>\n<p>Utilizamos sus datos personales para proporcionar y mejorar el servicio. Al utilizar el servicio, usted acepta la recopilaci\u00f3n y el uso de informaci\u00f3n de acuerdo con esta Pol\u00edtica de Privacidad.<\/p>\n<h2><strong>Interpretaci\u00f3n y Definiciones<\/strong><\/h2>\n<h3><strong>Interpretaci\u00f3n<\/strong><\/h3>\n<p>Las palabras cuya letra inicial est\u00e1 en may\u00fascula tienen significados definidos en las siguientes condiciones. Las siguientes definiciones tendr\u00e1n el mismo significado independientemente de si aparecen en singular o en plural.<\/p>\n<h3><strong>Definiciones<\/strong><\/h3>\n<p>A los efectos de esta Pol\u00edtica de Privacidad:<\/p>\n<ul>\n<li><strong>Cuenta<\/strong> significa una cuenta \u00fanica creada para que usted acceda a nuestro servicio o partes de nuestro servicio.<\/li>\n<li><strong>Afiliado <\/strong>significa una entidad que controla, es controlada por o est\u00e1 bajo control com\u00fan con una parte, donde \u00abcontrol\u00bb significa la propiedad del 50% o m\u00e1s de las acciones, intereses de capital u otros valores con derecho a voto para la elecci\u00f3n de directores u otra autoridad administrativa.<\/li>\n<li><strong>Aplicaci\u00f3n<\/strong> se refiere a 81 Pass, el programa de software proporcionado por 81 PASS SAS.<\/li>\n<li><strong>Compa\u00f1\u00eda<\/strong> (referida como \u00abla Compa\u00f1\u00eda\u00bb, \u00abnosotros\u00bb, \u00abnuestro\u00bb o \u00abnuestra\u00bb en este Acuerdo) se refiere a 81 PASS SAS, Carrera 100 No. 5-169 Torre B Pasoancho 6\u00ba Piso. Ciudadela Comercial Unicentro Cali, Colombia.<\/li>\n<li><strong>Pa\u00eds<\/strong> se refiere a: Cali, Colombia<\/li>\n<li><strong>Dispositivo<\/strong> significa cualquier dispositivo que pueda acceder al servicio, como una computadora, un tel\u00e9fono celular o una tableta digital.<\/li>\n<li><strong>Datos personales<\/strong> son cualquier informaci\u00f3n que se refiere a una persona identificada o identificable.<\/li>\n<li><strong>Servicio<\/strong> se refiere a la Aplicaci\u00f3n.<\/li>\n<li><strong>Proveedor de servicios<\/strong> significa cualquier persona natural o jur\u00eddica que procesa los datos en nombre de la Compa\u00f1\u00eda. Se refiere a empresas o individuos externos contratados por la Compa\u00f1\u00eda para facilitar el servicio, proporcionar el servicio en nombre de la Compa\u00f1\u00eda, realizar servicios relacionados con el servicio o ayudar a la Compa\u00f1\u00eda a analizar c\u00f3mo se utiliza el servicio.<\/li>\n<li><strong>Datos de uso<\/strong> se refiere a datos recopilados autom\u00e1ticamente, generados por el uso del servicio o por la infraestructura del servicio en s\u00ed (por ejemplo, la duraci\u00f3n de una visita a una p\u00e1gina).<\/li>\n<li><strong>Uste <\/strong> se refiere a la persona que accede o utiliza el servicio, o a la empresa u otra entidad legal en nombre de la cual dicha persona accede o utiliza el servicio, seg\u00fan corresponda.<\/li>\n<\/ul>\n<h2><strong>Recopilaci\u00f3n y Uso de sus Datos Personales<\/strong><\/h2>\n<h3><strong>Tipos de Datos Recopilados<\/strong><\/h3>\n<h4><strong>Datos Personales<\/strong><\/h4>\n<p>Mientras utiliza nuestro servicio, es posible que le solicitemos que nos proporcione cierta informaci\u00f3n de identificaci\u00f3n personal que se puede utilizar para contactarlo o identificarlo. La informaci\u00f3n de identificaci\u00f3n personal puede incluir, entre otros:<\/p>\n<ul>\n<li>Direcci\u00f3n de correo electr\u00f3nico<\/li>\n<li>Nombre y apellido<\/li>\n<li>N\u00famero de tel\u00e9fono<\/li>\n<li>Documento de Identidad<\/li>\n<li>Datos de uso<\/li>\n<\/ul>\n<h4><strong>Datos de uso<\/strong><\/h4>\n<p>Los datos de uso se recopilan autom\u00e1ticamente cuando utiliza el servicio.<\/p>\n<p>Los datos de uso pueden incluir informaci\u00f3n como la direcci\u00f3n de Protocolo de Internet de su dispositivo (por ejemplo, direcci\u00f3n IP), tipo de navegador, versi\u00f3n del navegador, las p\u00e1ginas de nuestro servicio que visita, la hora y fecha de su visita, el tiempo que pasa en esas p\u00e1ginas, identificadores de dispositivos \u00fanicos y otros datos de diagn\u00f3stico.<\/p>\n<p>Cuando accede al servicio a trav\u00e9s de un dispositivo m\u00f3vil, podemos recopilar cierta informaci\u00f3n de manera autom\u00e1tica, incluido, entre otros, el tipo de dispositivo m\u00f3vil que utiliza, la identificaci\u00f3n \u00fanica de su dispositivo m\u00f3vil, la direcci\u00f3n IP de su dispositivo m\u00f3vil, su sistema operativo m\u00f3vil, el tipo de navegador de Internet m\u00f3vil que utiliza, identificadores de dispositivos \u00fanicos y otros datos de diagn\u00f3stico.<\/p>\n<p>Tambi\u00e9n podemos recopilar informaci\u00f3n que su navegador env\u00eda cada vez que visita nuestro servicio o cuando accede al servicio a trav\u00e9s de un dispositivo m\u00f3vil.<\/p>\n<h4><strong>Informaci\u00f3n Recopilada Mientras Usa la Aplicaci\u00f3n<\/strong><\/h4>\n<p>Mientras utiliza nuestra aplicaci\u00f3n, para proporcionar caracter\u00edsticas de la aplicaci\u00f3n, podemos recopilar, con su permiso previo:<\/p>\n<ul>\n<li>Fotograf\u00edas y otra informaci\u00f3n de la c\u00e1mara y la galer\u00eda de fotos de su dispositivo.<\/li>\n<\/ul>\n<p>Utilizamos esta informaci\u00f3n para proporcionar caracter\u00edsticas de nuestro servicio, para mejorar y personalizar nuestro servicio. La informaci\u00f3n puede ser cargada en los servidores de la Compa\u00f1\u00eda y\/o en los servidores de un Proveedor de servicios, o simplemente almacenada en su dispositivo.<\/p>\n<p>Puede habilitar o deshabilitar el acceso a esta informaci\u00f3n en cualquier momento a trav\u00e9s de la configuraci\u00f3n de su dispositivo.<\/p>\n<h3><strong>Uso de sus Datos Personales<\/strong><\/h3>\n<p>La Compa\u00f1\u00eda puede utilizar los Datos Personales con los siguientes prop\u00f3sitos:<\/p>\n<ul>\n<li><strong>Para proporcionar y mantener nuestro Servicio<\/strong>, incluido el monitoreo del uso de nuestro Servicio.<\/li>\n<li><strong>Para administrar su Cuenta:<\/strong> para gestionar su registro como usuario del Servicio. Los Datos Personales que proporciona pueden brindarle acceso a diferentes funcionalidades del Servicio que est\u00e1n disponibles para usted como usuario registrado.<\/li>\n<li><strong>Para la ejecuci\u00f3n de un contrato:<\/strong> el desarrollo, el cumplimiento y la ejecuci\u00f3n del contrato de compra de los productos, art\u00edculos o servicios que ha adquirido o de cualquier otro contrato con nosotros a trav\u00e9s del Servicio.<\/li>\n<li><strong>Para contactarlo:<\/strong> para contactarlo por correo electr\u00f3nico, llamadas telef\u00f3nicas, SMS u otras formas equivalentes de comunicaci\u00f3n electr\u00f3nica, como las notificaciones push de una aplicaci\u00f3n m\u00f3vil, sobre actualizaciones o comunicaciones informativas relacionadas con las funcionalidades, productos o servicios contratados, incluidas las actualizaciones de seguridad, cuando sea necesario o razonable para su implementaci\u00f3n.<\/li>\n<li><strong>Para proporcionarle<\/strong> noticias, ofertas especiales e informaci\u00f3n general sobre otros bienes, servicios y eventos que ofrecemos y que son similares a los que ya ha adquirido o sobre los que se ha informado, a menos que haya optado por no recibir dicha informaci\u00f3n.<\/li>\n<li><strong>Para gestionar sus solicitudes:<\/strong> para atender y gestionar sus solicitudes hacia nosotros.<\/li>\n<li><strong>Para transferencias comerciales:<\/strong> podemos utilizar su informaci\u00f3n para evaluar o realizar una fusi\u00f3n, venta de activos de la empresa, financiamiento o adquisici\u00f3n de todo o parte de nuestro negocio a otra empresa.<\/li>\n<li><strong>Para otros fines:<\/strong> podemos utilizar su informaci\u00f3n para otros fines, como an\u00e1lisis de datos, identificaci\u00f3n de tendencias de uso, determinaci\u00f3n de la efectividad de nuestras campa\u00f1as promocionales y para evaluar y mejorar nuestro servicio, productos, servicios, marketing y su experiencia.<\/li>\n<\/ul>\n<p>Podemos compartir su informaci\u00f3n personal en las siguientes situaciones:<\/p>\n<ul>\n<li><strong>Con proveedores de servicios:<\/strong> podemos compartir su informaci\u00f3n personal con proveedores de servicios para monitorear y analizar el uso de nuestro Servicio, para contactarlo.<\/li>\n<li><strong>Para transferencias comerciales:<\/strong> podemos compartir o transferir su informaci\u00f3n personal en relaci\u00f3n con, o durante las negociaciones de, cualquier fusi\u00f3n, venta de activos de la empresa, financiamiento o adquisici\u00f3n de todo o parte de nuestro negocio a otra empresa.<\/li>\n<li><strong>Con afiliados:<\/strong> podemos compartir su informaci\u00f3n con nuestras filiales, en cuyo caso les exigiremos que cumplan con esta Pol\u00edtica de Privacidad. Las filiales incluyen nuestra empresa matriz y cualquier otra subsidiaria, socios de empresas conjuntas u otras empresas que controlamos o que est\u00e1n bajo control com\u00fan con nosotros.<\/li>\n<li><strong>Con socios comerciales:<\/strong> podemos compartir su informaci\u00f3n con socios comerciales para ofrecerle ciertos productos, servicios o promociones.<\/li>\n<li><strong>Con otros usuarios:<\/strong> cuando comparte informaci\u00f3n personal o interact\u00faa de otra manera en las \u00e1reas p\u00fablicas con otros usuarios, dicha informaci\u00f3n puede ser vista por todos los usuarios y puede ser distribuida p\u00fablicamente fuera del servicio.<\/li>\n<li><strong>Con su consentimiento:<\/strong> podemos divulgar su informaci\u00f3n personal para cualquier otro prop\u00f3sito con su consentimiento.<\/li>\n<\/ul>\n<h2><strong>Retenci\u00f3n de sus Datos Personales<\/strong><\/h2>\n<p>La Compa\u00f1\u00eda retendr\u00e1 sus Datos Personales solo durante el tiempo que sea necesario para los fines establecidos en esta Pol\u00edtica de Privacidad. Conservaremos y utilizaremos sus Datos Personales en la medida necesaria para cumplir con nuestras obligaciones legales (por ejemplo, si estamos obligados a conservar sus datos para cumplir con las leyes aplicables), resolver disputas y hacer cumplir nuestros acuerdos legales y pol\u00edticas.<\/p>\n<p>La Compa\u00f1\u00eda tambi\u00e9n retendr\u00e1 los Datos de Uso con fines de an\u00e1lisis internos. Los Datos de Uso se retienen generalmente por un per\u00edodo de tiempo m\u00e1s corto, excepto cuando estos datos se utilizan para fortalecer la seguridad o mejorar la funcionalidad de nuestro Servicio, o cuando estamos legalmente obligados a retener estos datos por per\u00edodos de tiempo m\u00e1s largos.<\/p>\n<h2><strong>Transferencia de sus Datos Personales<\/strong><\/h2>\n<p>Su informaci\u00f3n, incluidos los Datos Personales, se procesa en las oficinas operativas de la Compa\u00f1\u00eda y en cualquier otro lugar donde se encuentren las partes involucradas en el procesamiento. Esto significa que esta informaci\u00f3n puede ser transferida y mantenida en computadoras ubicadas fuera de su estado, provincia, pa\u00eds u otra jurisdicci\u00f3n gubernamental donde las leyes de protecci\u00f3n de datos pueden diferir de las de su jurisdicci\u00f3n.<\/p>\n<p>Su consentimiento a esta Pol\u00edtica de Privacidad seguido de su env\u00edo de dicha informaci\u00f3n representa su acuerdo con esa transferencia.<\/p>\n<p>La Compa\u00f1\u00eda tomar\u00e1 todas las medidas razonablemente necesarias para garantizar que sus datos sean tratados de manera segura y de acuerdo con esta Pol\u00edtica de Privacidad, y no se realizar\u00e1 ninguna transferencia de sus Datos Personales a una organizaci\u00f3n o un pa\u00eds a menos que haya controles adecuados, incluida la seguridad de sus datos e informaci\u00f3n personal.<\/p>\n<h2><strong>Eliminar sus Datos Personales<\/strong><\/h2>\n<p>Usted tiene derecho a eliminar o solicitar que ayudemos a eliminar los Datos Personales que hemos recopilado sobre usted.<\/p>\n<p>Nuestro Servicio puede ofrecerle la capacidad de eliminar cierta informaci\u00f3n sobre usted desde dentro del Servicio.<\/p>\n<p>Puede actualizar, enmendar o eliminar su informaci\u00f3n en cualquier momento iniciando sesi\u00f3n en su Cuenta, si tiene una, y visitando la secci\u00f3n de configuraci\u00f3n de la cuenta que le permite administrar su informaci\u00f3n personal. Tambi\u00e9n puede contactarnos para solicitar acceso, correcci\u00f3n o eliminaci\u00f3n de cualquier informaci\u00f3n personal que nos haya proporcionado.<\/p>\n<p>Tenga en cuenta, sin embargo, que es posible que necesitemos retener cierta informaci\u00f3n cuando tengamos una obligaci\u00f3n legal o base legal para hacerlo.<\/p>\n<h2><strong>Divulgaci\u00f3n de sus Datos Personales<\/strong><\/h2>\n<h3><strong>Transacciones Comerciales<\/strong><\/h3>\n<p>Si la Compa\u00f1\u00eda est\u00e1 involucrada en una fusi\u00f3n, adquisici\u00f3n o venta de activos, sus Datos Personales pueden ser transferidos. Le proporcionaremos un aviso antes de que sus Datos Personales sean transferidos y se conviertan en objeto de una pol\u00edtica de privacidad diferente.<\/p>\n<h3><strong>Aplicaci\u00f3n de la ley<\/strong><\/h3>\n<p>Bajo ciertas circunstancias, la Compa\u00f1\u00eda puede estar obligada a divulgar sus Datos Personales si as\u00ed lo exige la ley o en respuesta a solicitudes v\u00e1lidas de autoridades p\u00fablicas (por ejemplo, un tribunal o una agencia gubernamental).<\/p>\n<h3><strong>Otros requisitos legales<\/strong><\/h3>\n<p>La Compa\u00f1\u00eda puede divulgar sus Datos Personales en la creencia de buena fe de que dicha acci\u00f3n es necesaria para:<\/p>\n<ul>\n<li>Cumplir con una obligaci\u00f3n legal<\/li>\n<li>Proteger y defender los derechos o la propiedad de la Compa\u00f1\u00eda<\/li>\n<li>Prevenir o investigar posibles infracciones en relaci\u00f3n con el Servicio<\/li>\n<li>Proteger la seguridad personal de los usuarios del Servicio o del p\u00fablico<\/li>\n<li>Protegerse contra la responsabilidad legal<\/li>\n<\/ul>\n<h2><strong>Seguridad de sus Datos Personales<\/strong><\/h2>\n<p>La seguridad de sus Datos Personales es importante para nosotros, pero recuerde que ning\u00fan m\u00e9todo de transmisi\u00f3n a trav\u00e9s de Internet o m\u00e9todo de almacenamiento electr\u00f3nico es 100% seguro. Si bien nos esforzamos por utilizar medios comercialmente aceptables para proteger sus Datos Personales, no podemos garantizar su seguridad absoluta.<\/p>\n<h2><strong>Privacidad de los Ni\u00f1os<\/strong><\/h2>\n<p>Nuestro Servicio no est\u00e1 dirigido a ninguna persona menor de 13 a\u00f1os. No recopilamos de manera consciente informaci\u00f3n de identificaci\u00f3n personal de ninguna persona menor de 13 a\u00f1os. Si usted es padre, madre o tutor y tiene conocimiento de que su hijo nos ha proporcionado Datos Personales, comun\u00edquese con nosotros. Si nos damos cuenta de que hemos recopilado Datos Personales de alguien menor de 13 a\u00f1os sin verificar el consentimiento parental, tomaremos medidas para eliminar esa informaci\u00f3n de nuestros servidores.<\/p>\n<p>Si necesitamos basarnos en el consentimiento como base legal para procesar su informaci\u00f3n y su pa\u00eds requiere el consentimiento de un padre, es posible que necesitemos el consentimiento de sus padres antes de recopilar y utilizar esa informaci\u00f3n.<\/p>\n<h2><strong>Enlaces a Otros Sitios Web<\/strong><\/h2>\n<p>Nuestro Servicio puede contener enlaces a otros sitios web que no son operados por nosotros. Si hace clic en un enlace de un tercero, ser\u00e1 dirigido al sitio de ese tercero. Le recomendamos encarecidamente que revise la Pol\u00edtica de Privacidad de cada sitio que visite.<\/p>\n<p>No tenemos control sobre y no asumimos ninguna responsabilidad por el contenido, las pol\u00edticas de privacidad o pr\u00e1cticas de sitios web o servicios de terceros.<\/p>\n<h2><strong>Cambios a esta Pol\u00edtica de Privacidad<\/strong><\/h2>\n<p>Podemos actualizar nuestra Pol\u00edtica de Privacidad peri\u00f3dicamente. Le notificaremos cualquier cambio publicando la nueva Pol\u00edtica de Privacidad en esta p\u00e1gina.<\/p>\n<p>Le informaremos tambi\u00e9n a trav\u00e9s de correo electr\u00f3nico y\/o mediante un aviso destacado en nuestro Servicio antes de que el cambio entre en vigencia y actualizaremos la fecha de \u00ab\u00daltima actualizaci\u00f3n\u00bb en la parte superior de esta Pol\u00edtica de Privacidad.<\/p>\n<p>Le recomendamos que revise esta Pol\u00edtica de Privacidad peri\u00f3dicamente para ver si hay cambios. Los cambios a esta Pol\u00edtica de Privacidad son efectivos cuando se publican en esta p\u00e1gina.<\/p>\n<h2><strong>Cont\u00e1ctenos<\/strong><\/h2>\n<p>Si tiene alguna pregunta sobre esta Pol\u00edtica de Privacidad, puede contactarnos:<\/p>\n<ul>\n<li>Por correo electr\u00f3nico: soporte@81pass.co<\/li>\n<li>Visitando esta p\u00e1gina en nuestro sitio web: <a href=\"https:\/\/81pass.co\/\">https:\/\/81pass.co\/<\/a><\/li>\n<\/ul>\n[\/vc_column_text][\/vc_column][\/vc_row]\n<\/div>","protected":false},"excerpt":{"rendered":"<p>[vc_row][vc_column][vc_column_text css=\u00bb\u00bb] Pol\u00edtica de Privacidad \u00daltima actualizaci\u00f3n: 30 de octubre de 2024 Esta Pol\u00edtica de Privacidad describe nuestras pol\u00edticas y procedimientos sobre la recopilaci\u00f3n, uso y divulgaci\u00f3n de su informaci\u00f3n cuando utiliza el servicio y le informa sobre sus derechos de privacidad y c\u00f3mo la ley lo protege. Utilizamos sus datos personales para proporcionar y&hellip;<\/p>\n","protected":false},"author":1,"featured_media":0,"parent":0,"menu_order":0,"comment_status":"closed","ping_status":"closed","template":"","meta":{"iawp_total_views":109,"footnotes":""},"class_list":["post-20","page","type-page","status-publish","hentry","entry","no-media"],"yoast_head":"<!-- This site is optimized with the Yoast SEO plugin v27.5 - https:\/\/yoast.com\/product\/yoast-seo-wordpress\/ -->\n<title>Pol\u00edtica de privacidad - 81pass.co<\/title>\n<meta name=\"robots\" content=\"index, follow, max-snippet:-1, max-image-preview:large, max-video-preview:-1\" \/>\n<link rel=\"canonical\" href=\"https:\/\/81pass.co\/es\/politica-de-privacidad\/\" \/>\n<meta property=\"og:locale\" content=\"es_ES\" \/>\n<meta property=\"og:type\" content=\"article\" \/>\n<meta property=\"og:title\" content=\"Pol\u00edtica de privacidad - 81pass.co\" \/>\n<meta property=\"og:description\" content=\"[vc_row][vc_column][vc_column_text css=\u00bb\u00bb] Pol\u00edtica de Privacidad \u00daltima actualizaci\u00f3n: 30 de octubre de 2024 Esta Pol\u00edtica de Privacidad describe nuestras pol\u00edticas y procedimientos sobre la recopilaci\u00f3n, uso y divulgaci\u00f3n de su informaci\u00f3n cuando utiliza el servicio y le informa sobre sus derechos de privacidad y c\u00f3mo la ley lo protege. Utilizamos sus datos personales para proporcionar y&hellip;\" \/>\n<meta property=\"og:url\" content=\"https:\/\/81pass.co\/es\/politica-de-privacidad\/\" \/>\n<meta property=\"og:site_name\" content=\"81pass.co\" \/>\n<meta property=\"article:modified_time\" content=\"2024-10-30T17:42:14+00:00\" \/>\n<meta name=\"twitter:card\" content=\"summary_large_image\" \/>\n<meta name=\"twitter:label1\" content=\"Tiempo de lectura\" \/>\n\t<meta name=\"twitter:data1\" content=\"10 minutos\" \/>\n<script type=\"application\/ld+json\" class=\"yoast-schema-graph\">{\"@context\":\"https:\\\/\\\/schema.org\",\"@graph\":[{\"@type\":\"WebPage\",\"@id\":\"https:\\\/\\\/81pass.co\\\/es\\\/politica-de-privacidad\\\/\",\"url\":\"https:\\\/\\\/81pass.co\\\/es\\\/politica-de-privacidad\\\/\",\"name\":\"Pol\u00edtica de privacidad - 81pass.co\",\"isPartOf\":{\"@id\":\"https:\\\/\\\/81pass.co\\\/es\\\/#website\"},\"datePublished\":\"2024-10-30T00:11:51+00:00\",\"dateModified\":\"2024-10-30T17:42:14+00:00\",\"breadcrumb\":{\"@id\":\"https:\\\/\\\/81pass.co\\\/es\\\/politica-de-privacidad\\\/#breadcrumb\"},\"inLanguage\":\"es\",\"potentialAction\":[{\"@type\":\"ReadAction\",\"target\":[\"https:\\\/\\\/81pass.co\\\/es\\\/politica-de-privacidad\\\/\"]}]},{\"@type\":\"BreadcrumbList\",\"@id\":\"https:\\\/\\\/81pass.co\\\/es\\\/politica-de-privacidad\\\/#breadcrumb\",\"itemListElement\":[{\"@type\":\"ListItem\",\"position\":1,\"name\":\"Home\",\"item\":\"https:\\\/\\\/81pass.co\\\/es\\\/\"},{\"@type\":\"ListItem\",\"position\":2,\"name\":\"Pol\u00edtica de privacidad\"}]},{\"@type\":\"WebSite\",\"@id\":\"https:\\\/\\\/81pass.co\\\/es\\\/#website\",\"url\":\"https:\\\/\\\/81pass.co\\\/es\\\/\",\"name\":\"81pass.co\",\"description\":\"\",\"publisher\":{\"@id\":\"https:\\\/\\\/81pass.co\\\/es\\\/#organization\"},\"potentialAction\":[{\"@type\":\"SearchAction\",\"target\":{\"@type\":\"EntryPoint\",\"urlTemplate\":\"https:\\\/\\\/81pass.co\\\/es\\\/?s={search_term_string}\"},\"query-input\":{\"@type\":\"PropertyValueSpecification\",\"valueRequired\":true,\"valueName\":\"search_term_string\"}}],\"inLanguage\":\"es\"},{\"@type\":\"Organization\",\"@id\":\"https:\\\/\\\/81pass.co\\\/es\\\/#organization\",\"name\":\"81pass.co\",\"url\":\"https:\\\/\\\/81pass.co\\\/es\\\/\",\"logo\":{\"@type\":\"ImageObject\",\"inLanguage\":\"es\",\"@id\":\"https:\\\/\\\/81pass.co\\\/es\\\/#\\\/schema\\\/logo\\\/image\\\/\",\"url\":\"https:\\\/\\\/81pass.co\\\/wp-content\\\/uploads\\\/2024\\\/10\\\/81-pass-logo.svg\",\"contentUrl\":\"https:\\\/\\\/81pass.co\\\/wp-content\\\/uploads\\\/2024\\\/10\\\/81-pass-logo.svg\",\"width\":134,\"height\":39,\"caption\":\"81pass.co\"},\"image\":{\"@id\":\"https:\\\/\\\/81pass.co\\\/es\\\/#\\\/schema\\\/logo\\\/image\\\/\"}}]}<\/script>\n<!-- \/ Yoast SEO plugin. -->","yoast_head_json":{"title":"Pol\u00edtica de privacidad - 81pass.co","robots":{"index":"index","follow":"follow","max-snippet":"max-snippet:-1","max-image-preview":"max-image-preview:large","max-video-preview":"max-video-preview:-1"},"canonical":"https:\/\/81pass.co\/es\/politica-de-privacidad\/","og_locale":"es_ES","og_type":"article","og_title":"Pol\u00edtica de privacidad - 81pass.co","og_description":"[vc_row][vc_column][vc_column_text css=\u00bb\u00bb] Pol\u00edtica de Privacidad \u00daltima actualizaci\u00f3n: 30 de octubre de 2024 Esta Pol\u00edtica de Privacidad describe nuestras pol\u00edticas y procedimientos sobre la recopilaci\u00f3n, uso y divulgaci\u00f3n de su informaci\u00f3n cuando utiliza el servicio y le informa sobre sus derechos de privacidad y c\u00f3mo la ley lo protege. Utilizamos sus datos personales para proporcionar y&hellip;","og_url":"https:\/\/81pass.co\/es\/politica-de-privacidad\/","og_site_name":"81pass.co","article_modified_time":"2024-10-30T17:42:14+00:00","twitter_card":"summary_large_image","twitter_misc":{"Tiempo de lectura":"10 minutos"},"schema":{"@context":"https:\/\/schema.org","@graph":[{"@type":"WebPage","@id":"https:\/\/81pass.co\/es\/politica-de-privacidad\/","url":"https:\/\/81pass.co\/es\/politica-de-privacidad\/","name":"Pol\u00edtica de privacidad - 81pass.co","isPartOf":{"@id":"https:\/\/81pass.co\/es\/#website"},"datePublished":"2024-10-30T00:11:51+00:00","dateModified":"2024-10-30T17:42:14+00:00","breadcrumb":{"@id":"https:\/\/81pass.co\/es\/politica-de-privacidad\/#breadcrumb"},"inLanguage":"es","potentialAction":[{"@type":"ReadAction","target":["https:\/\/81pass.co\/es\/politica-de-privacidad\/"]}]},{"@type":"BreadcrumbList","@id":"https:\/\/81pass.co\/es\/politica-de-privacidad\/#breadcrumb","itemListElement":[{"@type":"ListItem","position":1,"name":"Home","item":"https:\/\/81pass.co\/es\/"},{"@type":"ListItem","position":2,"name":"Pol\u00edtica de privacidad"}]},{"@type":"WebSite","@id":"https:\/\/81pass.co\/es\/#website","url":"https:\/\/81pass.co\/es\/","name":"81pass.co","description":"","publisher":{"@id":"https:\/\/81pass.co\/es\/#organization"},"potentialAction":[{"@type":"SearchAction","target":{"@type":"EntryPoint","urlTemplate":"https:\/\/81pass.co\/es\/?s={search_term_string}"},"query-input":{"@type":"PropertyValueSpecification","valueRequired":true,"valueName":"search_term_string"}}],"inLanguage":"es"},{"@type":"Organization","@id":"https:\/\/81pass.co\/es\/#organization","name":"81pass.co","url":"https:\/\/81pass.co\/es\/","logo":{"@type":"ImageObject","inLanguage":"es","@id":"https:\/\/81pass.co\/es\/#\/schema\/logo\/image\/","url":"https:\/\/81pass.co\/wp-content\/uploads\/2024\/10\/81-pass-logo.svg","contentUrl":"https:\/\/81pass.co\/wp-content\/uploads\/2024\/10\/81-pass-logo.svg","width":134,"height":39,"caption":"81pass.co"},"image":{"@id":"https:\/\/81pass.co\/es\/#\/schema\/logo\/image\/"}}]}},"_links":{"self":[{"href":"https:\/\/81pass.co\/es\/wp-json\/wp\/v2\/pages\/20","targetHints":{"allow":["GET"]}}],"collection":[{"href":"https:\/\/81pass.co\/es\/wp-json\/wp\/v2\/pages"}],"about":[{"href":"https:\/\/81pass.co\/es\/wp-json\/wp\/v2\/types\/page"}],"author":[{"embeddable":true,"href":"https:\/\/81pass.co\/es\/wp-json\/wp\/v2\/users\/1"}],"replies":[{"embeddable":true,"href":"https:\/\/81pass.co\/es\/wp-json\/wp\/v2\/comments?post=20"}],"version-history":[{"count":3,"href":"https:\/\/81pass.co\/es\/wp-json\/wp\/v2\/pages\/20\/revisions"}],"predecessor-version":[{"id":58,"href":"https:\/\/81pass.co\/es\/wp-json\/wp\/v2\/pages\/20\/revisions\/58"}],"wp:attachment":[{"href":"https:\/\/81pass.co\/es\/wp-json\/wp\/v2\/media?parent=20"}],"curies":[{"name":"wp","href":"https:\/\/api.w.org\/{rel}","templated":true}]}}